{"id":4552,"date":"2021-06-16T12:45:22","date_gmt":"2021-06-16T10:45:22","guid":{"rendered":"https:\/\/www.fremdiswalde.com\/?page_id=4552"},"modified":"2021-06-16T13:01:32","modified_gmt":"2021-06-16T11:01:32","slug":"und-immer-wieder-theater","status":"publish","type":"page","link":"https:\/\/www.fremdiswalde.com\/?page_id=4552","title":{"rendered":"&#8230; und immer wieder Theater!"},"content":{"rendered":"<p><a href=\"https:\/\/www.fremdiswalde.com\/wp-content\/uploads\/2021\/06\/Theater1.png\"><img fetchpriority=\"high\" decoding=\"async\" class=\"alignleft wp-image-4553 size-medium\" src=\"https:\/\/www.fremdiswalde.com\/wp-content\/uploads\/2021\/06\/Theater1-239x300.png\" alt=\"Theater in Fremdiswalde, Laienspiel\" width=\"239\" height=\"300\" srcset=\"https:\/\/www.fremdiswalde.com\/wp-content\/uploads\/2021\/06\/Theater1-239x300.png 239w, https:\/\/www.fremdiswalde.com\/wp-content\/uploads\/2021\/06\/Theater1-817x1024.png 817w, https:\/\/www.fremdiswalde.com\/wp-content\/uploads\/2021\/06\/Theater1-768x962.png 768w, https:\/\/www.fremdiswalde.com\/wp-content\/uploads\/2021\/06\/Theater1-1226x1536.png 1226w, https:\/\/www.fremdiswalde.com\/wp-content\/uploads\/2021\/06\/Theater1-1635x2048.png 1635w\" sizes=\"(max-width: 239px) 100vw, 239px\" \/><\/a>Bilder der Familie B\u00f6ttger zeigen, dass schon 1927 und 1928 in Fremdiswalde Theater gespielt wurde. Schon bevor die neue Schule 1878 gebaut wurde, haben Lehrer und\u00a0 Kantoren mit Sch\u00fclern Theaterst\u00fccke einge\u00fcbt und gespielt.\u00a0 Nach dem 2. Weltkrieg 1946 kam mit\u00a0 Erich Rudolph ein engagierter Lehrer an die Fremdiswalder Schule, der seine Kollegen und Sch\u00fcler immer aufs Neue motiviert hat, Theater zu spielen. Und so traten seit 1946 die vierten Klassen d<a href=\"https:\/\/www.fremdiswalde.com\/wp-content\/uploads\/2021\/06\/Theater2.jpg\"><img decoding=\"async\" class=\"alignright size-medium wp-image-4554\" src=\"https:\/\/www.fremdiswalde.com\/wp-content\/uploads\/2021\/06\/Theater2-300x300.jpg\" alt=\"\" width=\"300\" height=\"300\" srcset=\"https:\/\/www.fremdiswalde.com\/wp-content\/uploads\/2021\/06\/Theater2-300x300.jpg 300w, https:\/\/www.fremdiswalde.com\/wp-content\/uploads\/2021\/06\/Theater2-1024x1024.jpg 1024w, https:\/\/www.fremdiswalde.com\/wp-content\/uploads\/2021\/06\/Theater2-150x150.jpg 150w, https:\/\/www.fremdiswalde.com\/wp-content\/uploads\/2021\/06\/Theater2-768x768.jpg 768w, https:\/\/www.fremdiswalde.com\/wp-content\/uploads\/2021\/06\/Theater2-1536x1536.jpg 1536w, https:\/\/www.fremdiswalde.com\/wp-content\/uploads\/2021\/06\/Theater2-144x144.jpg 144w, https:\/\/www.fremdiswalde.com\/wp-content\/uploads\/2021\/06\/Theater2.jpg 1812w\" sizes=\"(max-width: 300px) 100vw, 300px\" \/><\/a>er Dorfschule mit einem M\u00e4rchen auf. Sp\u00e4ter, mit dem Zusammenschluss der Schulen Fremdiswalde \u2013 Cannewitz in den 60-ger Jahren, wurden alle Klassen eingebunden. Es entdeckten auch andere Lehrer wie Gerhard und Inge John, Gisela Vetter-Woldt, Christa Hartig, Sylvia Terpitz, Helga Rudolph, Irmgard Lenz, Heidelinde Schicketanz und Isolde und Franz Marath ihre Liebe zum Theater. Das die Tradition auch nach der Schlie\u00dfung der Schulen (Cannewitz 1992 und Fremdiswalde 2000) weiterlebt, ist der Verdienst der einstigen Lehrerinnen Inge John und Gisela Vetter-Woldt. Mit viel Herzblut und Liebe zum Detail f\u00fchrten sie ab dem Jahr 2000 Regie. Einige Jahre sp\u00e4ter war es Inge John, die die Theatertradition hoch hielt. Weil naturgem\u00e4\u00df auch Lehrer \u00e4lter werden, schielte Inge John immer schon mal nach geeignetem Regie-Nachwuchs. Die damals noch jugendliche Andrea Lauchst\u00e4dt (heute Pfeifer) dr\u00e4ngte auf die Bretter, die die Welt bedeuten. Nachdem sie in vielen St\u00fccken selbst mitgespielt hat, stieg sie dann als Regieassistentin auf und ging Inge John zur Hand, bis diese ihr dann den Staffelstab \u00fcbergab.<\/p>\n<p><strong>Inge Mundus<\/strong><\/p>\n","protected":false},"excerpt":{"rendered":"<p>Bilder der Familie B\u00f6ttger zeigen, dass schon 1927 und 1928 in Fremdiswalde Theater gespielt wurde. Schon bevor die neue Schule 1878 gebaut wurde, haben Lehrer&hellip;<\/p>\n","protected":false},"author":1,"featured_media":0,"parent":0,"menu_order":26,"comment_status":"closed","ping_status":"closed","template":"","meta":{"two_page_speed":[],"footnotes":""},"class_list":["post-4552","page","type-page","status-publish","hentry"],"publishpress_future_action":{"enabled":false,"date":"2026-05-06 23:28:16","action":"change-status","newStatus":"draft","terms":[],"taxonomy":"","extraData":[]},"publishpress_future_workflow_manual_trigger":{"enabledWorkflows":[]},"_links":{"self":[{"href":"https:\/\/www.fremdiswalde.com\/index.php?rest_route=\/wp\/v2\/pages\/4552","targetHints":{"allow":["GET"]}}],"collection":[{"href":"https:\/\/www.fremdiswalde.com\/index.php?rest_route=\/wp\/v2\/pages"}],"about":[{"href":"https:\/\/www.fremdiswalde.com\/index.php?rest_route=\/wp\/v2\/types\/page"}],"author":[{"embeddable":true,"href":"https:\/\/www.fremdiswalde.com\/index.php?rest_route=\/wp\/v2\/users\/1"}],"replies":[{"embeddable":true,"href":"https:\/\/www.fremdiswalde.com\/index.php?rest_route=%2Fwp%2Fv2%2Fcomments&post=4552"}],"version-history":[{"count":5,"href":"https:\/\/www.fremdiswalde.com\/index.php?rest_route=\/wp\/v2\/pages\/4552\/revisions"}],"predecessor-version":[{"id":4559,"href":"https:\/\/www.fremdiswalde.com\/index.php?rest_route=\/wp\/v2\/pages\/4552\/revisions\/4559"}],"wp:attachment":[{"href":"https:\/\/www.fremdiswalde.com\/index.php?rest_route=%2Fwp%2Fv2%2Fmedia&parent=4552"}],"curies":[{"name":"wp","href":"https:\/\/api.w.org\/{rel}","templated":true}]}}