{"id":32,"date":"2014-03-24T18:11:53","date_gmt":"2014-03-24T16:11:53","guid":{"rendered":"http:\/\/www.fremdiswalde.com\/?page_id=32"},"modified":"2023-10-31T23:33:34","modified_gmt":"2023-10-31T22:33:34","slug":"baeckerei-schaaf","status":"publish","type":"page","link":"https:\/\/www.fremdiswalde.com\/?page_id=32","title":{"rendered":"Konditorei Tortenteufel"},"content":{"rendered":"\t\t<div data-elementor-type=\"wp-page\" data-elementor-id=\"32\" class=\"elementor elementor-32\">\n\t\t\t\t\t\t<section class=\"elementor-section elementor-top-section elementor-element elementor-element-2acece73 elementor-section-boxed elementor-section-height-default elementor-section-height-default\" data-id=\"2acece73\" data-element_type=\"section\" data-e-type=\"section\">\n\t\t\t\t\t\t<div class=\"elementor-container elementor-column-gap-default\">\n\t\t\t\t\t<div class=\"elementor-column elementor-col-100 elementor-top-column elementor-element elementor-element-268809f7\" data-id=\"268809f7\" data-element_type=\"column\" data-e-type=\"column\">\n\t\t\t<div class=\"elementor-widget-wrap elementor-element-populated\">\n\t\t\t\t\t\t<div class=\"elementor-element elementor-element-3d73a017 elementor-widget elementor-widget-text-editor\" data-id=\"3d73a017\" data-element_type=\"widget\" data-e-type=\"widget\" data-widget_type=\"text-editor.default\">\n\t\t\t\t<div class=\"elementor-widget-container\">\n\t\t\t\t\t\t\t\t\t<h3 style=\"text-align: center;\"><a href=\"https:\/\/www.fremdiswalde.com\/wp-content\/uploads\/2019\/11\/Logo-Tortenteufel-1.png\"><img fetchpriority=\"high\" decoding=\"async\" class=\"\" src=\"https:\/\/www.fremdiswalde.com\/wp-content\/uploads\/2019\/11\/Logo-Tortenteufel-1-300x190.png\" alt=\"\" width=\"339\" height=\"215\" \/><\/a><\/h3><h6>\u00a0<\/h6><h3 style=\"text-align: center;\"><span style=\"color: #000000;\"><strong>\u00d6ffnungszeiten<\/strong><\/span><\/h3><p style=\"text-align: center;\"><span style=\"color: #000000;\"><strong>Dienstag<\/strong>: 9:00 bis 12:00 und 14:00 bis 17:00 Uhr<\/span><\/p><p style=\"text-align: center;\"><span style=\"color: #000000;\"><strong>Mittwoch<\/strong>: 9:00 bis 12:00 und 14:00 bis 17:00 Uhr<\/span><\/p><p style=\"text-align: center;\"><span style=\"color: #000000;\"><strong>Donnerstag<\/strong>: 9:00 bis 12:00 und 14:00 bis 17:00 Uhr<\/span><\/p><p style=\"text-align: center;\"><span style=\"color: #000000;\"><strong>Freitag<\/strong>: 9:00 bis 12:00 und 14:00 bis 17:00 Uhr<\/span><\/p><p style=\"text-align: center;\"><span style=\"color: #000000;\"><strong>Samstag<\/strong>: 9:00 bis 11:00 Uhr<\/span><\/p><h3 style=\"text-align: center;\"><span style=\"color: #000000;\"><strong>Angebot<\/strong><\/span><\/h3><p style=\"text-align: center;\"><span style=\"color: #000000;\">Der Tortenteufel fertigt auf Vorbestellung ganz individuelle, ausgefallene oder klassische\u00a0Torten, Motiv- und Etagentorten zu jedem Anlass &#8211; wie Hochzeit, Taufe, Konfirmation, Jugendweihe, Jubil\u00e4um oder Geburtstag. Aber auch das St\u00fcck Torte, Kuchen oder Kekse zum Mitnehmen, Geschenkpackungen, Gutscheine\u00a0oder einfach den Kaffee f\u00fcr Zwischendurch gibt es hier. F\u00fcr kleine und gro\u00dfe Hobbyb\u00e4cker biete ich in meiner offenen Backstube verschiedene Back-Events an.<\/span><\/p><h3 style=\"text-align: center;\"><span style=\"color: #000000;\"><strong>Zur meiner Person<\/strong><\/span><\/h3><p style=\"text-align: center;\"><span style=\"color: #000000;\">Ich bin eine waschechte B\u00e4ckerstochter und stamme aus der B\u00e4ckerei Schaaf in Fremdiswalde. Seit 1993 bin ich mit Herz und Seele Konditorin, und habe nun nach dem Rentenantritt meiner Eltern mein eigenes Gesch\u00e4ft in Nerchau er\u00f6ffnet.<\/span><\/p><h3 style=\"text-align: center;\"><span style=\"color: #000000;\"><strong>Kontakt<\/strong><\/span><\/h3><p style=\"text-align: center;\"><span style=\"color: #000000;\">Konditorei Tortenteufel<\/span><\/p><p style=\"text-align: center;\"><span style=\"color: #000000;\">Diana Ho\u00dffeld<\/span><\/p><p style=\"text-align: center;\"><span style=\"color: #000000;\">G\u00e4nsemarkt 17<\/span><\/p><p style=\"text-align: center;\"><span style=\"color: #000000;\">OT Nerchau<\/span><\/p><p style=\"text-align: center;\"><span style=\"color: #000000;\">04668 Grimma<\/span><\/p><p style=\"text-align: center;\"><a href=\"http:\/\/www.torten-teufel.de\"><span style=\"color: #000000;\">www.torten-teufel.de<\/span><\/a><\/p><p style=\"text-align: center;\"><span style=\"color: #000000;\">Telefon: 01634421861<\/span><\/p><p style=\"text-align: center;\"><span style=\"color: #000000;\">Email: <a href=\"mailto:dianahossfeld1973@t-online.de\">dianahossfeld1973@t-online.de<\/a><\/span><\/p><p style=\"text-align: center;\"><img decoding=\"async\" class=\"aligncenter\" src=\"https:\/\/www.fremdiswalde.com\/wp-content\/uploads\/2023\/10\/2021-10-21-1024x768.jpg\" sizes=\"(max-width: 843px) 100vw, 843px\" srcset=\"https:\/\/www.fremdiswalde.com\/wp-content\/uploads\/2023\/10\/2021-10-21-1024x768.jpg 1024w, https:\/\/www.fremdiswalde.com\/wp-content\/uploads\/2023\/10\/2021-10-21-300x225.jpg 300w, https:\/\/www.fremdiswalde.com\/wp-content\/uploads\/2023\/10\/2021-10-21-768x576.jpg 768w, https:\/\/www.fremdiswalde.com\/wp-content\/uploads\/2023\/10\/2021-10-21.jpg 1360w\" alt=\"\" width=\"843\" height=\"632\" \/><\/p>\t\t\t\t\t\t\t\t<\/div>\n\t\t\t\t<\/div>\n\t\t\t\t\t<\/div>\n\t\t<\/div>\n\t\t\t\t\t<\/div>\n\t\t<\/section>\n\t\t\t\t<section class=\"elementor-section elementor-top-section elementor-element elementor-element-bbb9d61 elementor-section-boxed elementor-section-height-default elementor-section-height-default\" data-id=\"bbb9d61\" data-element_type=\"section\" data-e-type=\"section\">\n\t\t\t\t\t\t<div class=\"elementor-container elementor-column-gap-default\">\n\t\t\t\t\t<div class=\"elementor-column elementor-col-100 elementor-top-column elementor-element elementor-element-11602a7\" data-id=\"11602a7\" data-element_type=\"column\" data-e-type=\"column\">\n\t\t\t<div class=\"elementor-widget-wrap elementor-element-populated\">\n\t\t\t\t\t\t<div class=\"elementor-element elementor-element-8581eb9 elementor-widget elementor-widget-google_maps\" data-id=\"8581eb9\" data-element_type=\"widget\" data-e-type=\"widget\" data-settings=\"{&quot;_animation&quot;:&quot;none&quot;}\" data-widget_type=\"google_maps.default\">\n\t\t\t\t<div class=\"elementor-widget-container\">\n\t\t\t\t\t\t\t<div class=\"elementor-custom-embed\">\n\t\t\t<iframe loading=\"lazy\"\n\t\t\t\t\tsrc=\"https:\/\/maps.google.com\/maps?q=Konditorei%20Tortenteufel%20&#038;t=m&#038;z=17&#038;output=embed&#038;iwloc=near\"\n\t\t\t\t\ttitle=\"Konditorei Tortenteufel \"\n\t\t\t\t\taria-label=\"Konditorei Tortenteufel \"\n\t\t\t><\/iframe>\n\t\t<\/div>\n\t\t\t\t\t\t<\/div>\n\t\t\t\t<\/div>\n\t\t\t\t\t<\/div>\n\t\t<\/div>\n\t\t\t\t\t<\/div>\n\t\t<\/section>\n\t\t\t\t<section class=\"elementor-section elementor-top-section elementor-element elementor-element-8c5cce3 elementor-section-boxed elementor-section-height-default elementor-section-height-default\" data-id=\"8c5cce3\" data-element_type=\"section\" data-e-type=\"section\">\n\t\t\t\t\t\t<div class=\"elementor-container elementor-column-gap-default\">\n\t\t\t\t\t<div class=\"elementor-column elementor-col-100 elementor-top-column elementor-element elementor-element-e1bf6de\" data-id=\"e1bf6de\" data-element_type=\"column\" data-e-type=\"column\">\n\t\t\t<div class=\"elementor-widget-wrap elementor-element-populated\">\n\t\t\t\t\t\t<div class=\"elementor-element elementor-element-6306126 elementor-shape-rounded elementor-grid-0 e-grid-align-center elementor-widget elementor-widget-social-icons\" data-id=\"6306126\" data-element_type=\"widget\" data-e-type=\"widget\" data-widget_type=\"social-icons.default\">\n\t\t\t\t<div class=\"elementor-widget-container\">\n\t\t\t\t\t\t\t<div class=\"elementor-social-icons-wrapper elementor-grid\" role=\"list\">\n\t\t\t\t\t\t\t<span class=\"elementor-grid-item\" role=\"listitem\">\n\t\t\t\t\t<a class=\"elementor-icon elementor-social-icon elementor-social-icon-facebook elementor-animation-grow elementor-repeater-item-fc76dc5\" href=\"https:\/\/www.facebook.com\/@tortenteufeldiana\" target=\"_blank\">\n\t\t\t\t\t\t<span class=\"elementor-screen-only\">Facebook<\/span>\n\t\t\t\t\t\t<i aria-hidden=\"true\" class=\"fab fa-facebook\"><\/i>\t\t\t\t\t<\/a>\n\t\t\t\t<\/span>\n\t\t\t\t\t\t\t<span class=\"elementor-grid-item\" role=\"listitem\">\n\t\t\t\t\t<a class=\"elementor-icon elementor-social-icon elementor-social-icon-instagram elementor-animation-grow elementor-repeater-item-d607243\" href=\"https:\/\/www.instagram.com\/konditorei_tortenteufel\/?igshid=YTQwZjQ0NmI0OA%3D%3D\" target=\"_blank\">\n\t\t\t\t\t\t<span class=\"elementor-screen-only\">Instagram<\/span>\n\t\t\t\t\t\t<i aria-hidden=\"true\" class=\"fab fa-instagram\"><\/i>\t\t\t\t\t<\/a>\n\t\t\t\t<\/span>\n\t\t\t\t\t<\/div>\n\t\t\t\t\t\t<\/div>\n\t\t\t\t<\/div>\n\t\t\t\t\t<\/div>\n\t\t<\/div>\n\t\t\t\t\t<\/div>\n\t\t<\/section>\n\t\t\t\t<\/div>\n\t\t","protected":false},"excerpt":{"rendered":"<p>\u00d6ffnungszeiten Dienstag: 9:00 bis 12:00 und 14:00 bis 17:00 Uhr Mittwoch: 9:00 bis 12:00 und 14:00 bis 17:00 Uhr Donnerstag: 9:00 bis 12:00 und 14:00&hellip;<\/p>\n","protected":false},"author":1,"featured_media":0,"parent":18,"menu_order":114,"comment_status":"closed","ping_status":"closed","template":"","meta":{"two_page_speed":[],"footnotes":""},"class_list":["post-32","page","type-page","status-publish","hentry"],"publishpress_future_action":{"enabled":false,"date":"2026-04-23 10:21:52","action":"change-status","newStatus":"draft","terms":[],"taxonomy":"","extraData":[]},"publishpress_future_workflow_manual_trigger":{"enabledWorkflows":[]},"_links":{"self":[{"href":"https:\/\/www.fremdiswalde.com\/index.php?rest_route=\/wp\/v2\/pages\/32","targetHints":{"allow":["GET"]}}],"collection":[{"href":"https:\/\/www.fremdiswalde.com\/index.php?rest_route=\/wp\/v2\/pages"}],"about":[{"href":"https:\/\/www.fremdiswalde.com\/index.php?rest_route=\/wp\/v2\/types\/page"}],"author":[{"embeddable":true,"href":"https:\/\/www.fremdiswalde.com\/index.php?rest_route=\/wp\/v2\/users\/1"}],"replies":[{"embeddable":true,"href":"https:\/\/www.fremdiswalde.com\/index.php?rest_route=%2Fwp%2Fv2%2Fcomments&post=32"}],"version-history":[{"count":18,"href":"https:\/\/www.fremdiswalde.com\/index.php?rest_route=\/wp\/v2\/pages\/32\/revisions"}],"predecessor-version":[{"id":4831,"href":"https:\/\/www.fremdiswalde.com\/index.php?rest_route=\/wp\/v2\/pages\/32\/revisions\/4831"}],"up":[{"embeddable":true,"href":"https:\/\/www.fremdiswalde.com\/index.php?rest_route=\/wp\/v2\/pages\/18"}],"wp:attachment":[{"href":"https:\/\/www.fremdiswalde.com\/index.php?rest_route=%2Fwp%2Fv2%2Fmedia&parent=32"}],"curies":[{"name":"wp","href":"https:\/\/api.w.org\/{rel}","templated":true}]}}