{"id":1202,"date":"2014-09-26T14:15:54","date_gmt":"2014-09-26T12:15:54","guid":{"rendered":"http:\/\/www.fremdiswalde.com\/?page_id=1202"},"modified":"2014-10-27T09:27:40","modified_gmt":"2014-10-27T07:27:40","slug":"weihnachtsmarkt-2014-in-fremdiswalde","status":"publish","type":"page","link":"https:\/\/www.fremdiswalde.com\/?page_id=1202","title":{"rendered":"Weihnachtsmarkt 2014 in Fremdiswalde"},"content":{"rendered":"<p>Liebe FremdiswalderInnen, liebe G\u00e4ste,<\/p>\n<p style=\"text-align: justify;\">der Heimatverein, die B\u00e4ckerei Schaaf, sowie der Schicketanzhof \u00f6ffnen am Sonntag, den 14.12.2014 ab 14.00 Uhr ihre St\u00e4nde. So erwartet Sie am Stand des Heimatvereins das allj\u00e4hrliche Fotor\u00e4tsel und die Geschenke aus dem Adventskalender, es gibt einen B\u00fccherflohmarkt und einen Kinderspielzeugmarkt. Im Dorfgemeinschaftshaus empf\u00e4ngt Sie die Schalmeienkapelle zu einem Tag der offenen T\u00fcr und unser neu gestalteter Raum kann besichtigt werden.<\/p>\n<p>F\u00fcr weihnachtliche Stimmung sorgt das Programm:<br \/>\n\n<table id=\"tablepress-9\" class=\"tablepress tablepress-id-9\">\n<thead>\n<tr class=\"row-1\">\n\t<th class=\"column-1\">Beginn<\/th><th class=\"column-2\">Was<\/th><th class=\"column-3\">Ort<\/th>\n<\/tr>\n<\/thead>\n<tbody>\n<tr class=\"row-2\">\n\t<td class=\"column-1\">14 Uhr<\/td><td class=\"column-2\">Beginn mit Musik<br \/>\nVerkostung der Weihnachtspl\u00e4tzchen (3. Pl\u00e4tzchenwettbewerb)<\/td><td class=\"column-3\">Dorfplatz<\/td>\n<\/tr>\n<tr class=\"row-3\">\n\t<td class=\"column-1\">14.30 Uhr<\/td><td class=\"column-2\">unser M\u00e4nnerchor bringt Weihnachtslieder zu Geh\u00f6r<\/td><td class=\"column-3\">Dorfplatz<\/td>\n<\/tr>\n<tr class=\"row-4\">\n\t<td class=\"column-1\">15 Uhr<\/td><td class=\"column-2\">weihnachtliche Wollwerkstatt<br \/>\n<br \/>\nAlpakas streicheln und Produktverkauf des Alpakahofes Remmler aus Br\u00f6hsen<\/td><td class=\"column-3\">Dorfplatz<\/td>\n<\/tr>\n<tr class=\"row-5\">\n\t<td class=\"column-1\">15.30 Uhr<\/td><td class=\"column-2\">kommt der Weihnachstmann<\/td><td class=\"column-3\">Dorfplatz<\/td>\n<\/tr>\n<tr class=\"row-6\">\n\t<td class=\"column-1\">17 Uhr<\/td><td class=\"column-2\">das traditionelle Weihnachtsm\u00e4rchen unserer Laienspielgruppe<br \/>\n\"Tischlein, deck Dich....\"<\/td><td class=\"column-3\">Saal vom Landgasthof Scheibe<\/td>\n<\/tr>\n<\/tbody>\n<\/table>\n<br \/>\nBeste Gr\u00fc\u00dfe<br \/>\nIhr Dorf- und Heimatverein!<\/p>\n","protected":false},"excerpt":{"rendered":"<p>Liebe FremdiswalderInnen, liebe G\u00e4ste, der Heimatverein, die B\u00e4ckerei Schaaf, sowie der Schicketanzhof \u00f6ffnen am Sonntag, den 14.12.2014 ab 14.00 Uhr ihre St\u00e4nde. So erwartet Sie&hellip;<\/p>\n","protected":false},"author":1,"featured_media":0,"parent":0,"menu_order":127,"comment_status":"closed","ping_status":"closed","template":"","meta":{"two_page_speed":[],"footnotes":""},"class_list":["post-1202","page","type-page","status-publish","hentry"],"publishpress_future_action":{"enabled":false,"date":"2026-05-06 01:47:36","action":"change-status","newStatus":"draft","terms":[],"taxonomy":"","extraData":[]},"publishpress_future_workflow_manual_trigger":{"enabledWorkflows":[]},"_links":{"self":[{"href":"https:\/\/www.fremdiswalde.com\/index.php?rest_route=\/wp\/v2\/pages\/1202","targetHints":{"allow":["GET"]}}],"collection":[{"href":"https:\/\/www.fremdiswalde.com\/index.php?rest_route=\/wp\/v2\/pages"}],"about":[{"href":"https:\/\/www.fremdiswalde.com\/index.php?rest_route=\/wp\/v2\/types\/page"}],"author":[{"embeddable":true,"href":"https:\/\/www.fremdiswalde.com\/index.php?rest_route=\/wp\/v2\/users\/1"}],"replies":[{"embeddable":true,"href":"https:\/\/www.fremdiswalde.com\/index.php?rest_route=%2Fwp%2Fv2%2Fcomments&post=1202"}],"version-history":[{"count":0,"href":"https:\/\/www.fremdiswalde.com\/index.php?rest_route=\/wp\/v2\/pages\/1202\/revisions"}],"wp:attachment":[{"href":"https:\/\/www.fremdiswalde.com\/index.php?rest_route=%2Fwp%2Fv2%2Fmedia&parent=1202"}],"curies":[{"name":"wp","href":"https:\/\/api.w.org\/{rel}","templated":true}]}}